{"id":79,"date":"2020-03-28T03:18:02","date_gmt":"2020-03-28T02:18:02","guid":{"rendered":"http:\/\/www.eventcheseaux.ch\/cms\/?page_id=79"},"modified":"2026-04-29T22:33:54","modified_gmt":"2026-04-29T20:33:54","slug":"evenements","status":"publish","type":"page","link":"https:\/\/www.eventcheseaux.ch\/cms\/","title":{"rendered":"MANIFESTATIONS \u00c0 VENIR"},"content":{"rendered":"\n<blockquote class=\"wp-block-quote is-layout-flow wp-block-quote-is-layout-flow\">\n<p><\/p>\n<\/blockquote>\n\n\n\n<div class=\"wp-block-group\"><div class=\"wp-block-group__inner-container is-layout-constrained wp-block-group-is-layout-constrained\">\n<div class=\"wp-block-group\"><div class=\"wp-block-group__inner-container is-layout-constrained wp-block-group-is-layout-constrained\">\n<div class=\"wp-block-columns is-layout-flex wp-container-core-columns-is-layout-3 wp-block-columns-is-layout-flex\">\n<div class=\"wp-block-column is-layout-flow wp-block-column-is-layout-flow\">\n<h2 class=\"wp-block-heading has-text-align-center has-text-color has-link-color wp-elements-e2e828fd9cbaf3b5d54d6ee35678ff63\" style=\"color:#e37d97;font-size:55px\"><strong>Bazar aux jouets  <\/strong><\/h2>\n\n\n\n<h3 class=\"wp-block-heading has-text-align-center\"><strong>Samedi 2 mai 2026<\/strong><\/h3>\n\n\n\n<p class=\"has-text-align-center\">Inscription d\u00e8s le 14 mars 2026 \u00e0 12h00 <\/p>\n\n\n\n<div class=\"wp-block-columns is-layout-flex wp-container-core-columns-is-layout-2 wp-block-columns-is-layout-flex\">\n<div class=\"wp-block-column is-vertically-aligned-center is-layout-flow wp-block-column-is-layout-flow\" style=\"flex-basis:50%\">\n<figure class=\"wp-block-image size-large is-resized\"><img loading=\"lazy\" decoding=\"async\" width=\"819\" height=\"1024\" src=\"https:\/\/www.eventcheseaux.ch\/cms\/wp-content\/uploads\/2026\/04\/2026_Event_Bazar_Manifestation_Annulee-819x1024.jpg\" alt=\"\" class=\"wp-image-925\" style=\"width:453px;height:auto\" srcset=\"https:\/\/www.eventcheseaux.ch\/cms\/wp-content\/uploads\/2026\/04\/2026_Event_Bazar_Manifestation_Annulee-819x1024.jpg 819w, https:\/\/www.eventcheseaux.ch\/cms\/wp-content\/uploads\/2026\/04\/2026_Event_Bazar_Manifestation_Annulee-240x300.jpg 240w, https:\/\/www.eventcheseaux.ch\/cms\/wp-content\/uploads\/2026\/04\/2026_Event_Bazar_Manifestation_Annulee-768x960.jpg 768w, https:\/\/www.eventcheseaux.ch\/cms\/wp-content\/uploads\/2026\/04\/2026_Event_Bazar_Manifestation_Annulee.jpg 1080w\" sizes=\"auto, (max-width: 819px) 100vw, 819px\" \/><\/figure>\n<\/div>\n\n\n\n<div class=\"wp-block-column is-layout-flow wp-block-column-is-layout-flow\" style=\"flex-basis:50%\">\n<details class=\"wp-block-details has-medium-font-size is-layout-flow wp-block-details-is-layout-flow\"><summary>Nous vous informons avec regret que le Bazar aux jouets pr\u00e9vu ce samedi 2 mai 2026 est annul\u00e9.<br>Un d\u00e9c\u00e8s dans la famille d\u2019un membre du comit\u00e9, ainsi que plusieurs difficult\u00e9s organisationnelles et un nombre insuffisant d\u2019exposants, ne nous permettent pas de maintenir l\u2019\u00e9v\u00e9nement dans de bonnes conditions.<br>Nous vous remercions pour votre compr\u00e9hension et esp\u00e9rons vous retrouver lors d\u2019une prochaine manifestation au village.<br>Pour rester inform\u00e9s de nos activit\u00e9s, n\u2019h\u00e9sitez pas \u00e0 consulter notre site internet et \u00e0 nous suivre sur nos r\u00e9seaux sociaux.<br><br>Le comit\u00e9 d\u2019organisation<br>Event@Cheseaux &amp; EMS Grand Pr\u00e9<\/summary>\n<div class=\"wp-block-columns is-layout-flex wp-container-core-columns-is-layout-1 wp-block-columns-is-layout-flex\">\n<div class=\"wp-block-column is-layout-flow wp-block-column-is-layout-flow\" style=\"flex-basis:100%\">\n<h2 class=\"wp-block-heading\"><br><\/h2>\n<\/div>\n<\/div>\n<\/details>\n<\/div>\n<\/div>\n<\/div>\n<\/div>\n<\/div><\/div>\n<\/div><\/div>\n\n\n\n<div style=\"height:42px\" aria-hidden=\"true\" class=\"wp-block-spacer\"><\/div>\n\n\n\n<h1 class=\"wp-block-heading has-text-align-center has-x-large-font-size\"><mark style=\"background-color:rgba(0, 0, 0, 0)\" class=\"has-inline-color has-black-color\">Soir\u00e9e Spectacle<\/mark><strong><mark style=\"background-color:rgba(0, 0, 0, 0);color:#0709e3\" class=\"has-inline-color\"> <\/mark><\/strong><\/h1>\n\n\n\n<p class=\"has-text-align-center has-black-color has-text-color has-link-color has-x-large-font-size wp-elements-d70fdd1e1d3b8c275351e4bb7585bf5a\"><strong><mark style=\"background-color:rgba(0, 0, 0, 0);color:#2e31b6\" class=\"has-inline-color\">MARC DONNET MONAY<\/mark><\/strong>, <em>Alouette<\/em><\/p>\n\n\n\n<h4 class=\"wp-block-heading has-text-align-center\"><strong>Vendredi 13 et Samedi 14 novembre 2026<\/strong><\/h4>\n\n\n\n<div class=\"wp-block-columns is-layout-flex wp-container-core-columns-is-layout-5 wp-block-columns-is-layout-flex\">\n<div class=\"wp-block-column is-layout-flow wp-block-column-is-layout-flow\" style=\"flex-basis:100%\">\n<div class=\"wp-block-columns is-layout-flex wp-container-core-columns-is-layout-4 wp-block-columns-is-layout-flex\">\n<div class=\"wp-block-column is-layout-flow wp-block-column-is-layout-flow\" style=\"flex-basis:66.66%\"><div class=\"wp-block-image\">\n<figure class=\"alignright size-full is-resized\"><img loading=\"lazy\" decoding=\"async\" width=\"1414\" height=\"2000\" src=\"https:\/\/www.eventcheseaux.ch\/cms\/wp-content\/uploads\/2026\/04\/2026_Marc-Donnet-Monay_Infos-details.png\" alt=\"\" class=\"wp-image-930\" style=\"width:493px;height:auto\" srcset=\"https:\/\/www.eventcheseaux.ch\/cms\/wp-content\/uploads\/2026\/04\/2026_Marc-Donnet-Monay_Infos-details.png 1414w, https:\/\/www.eventcheseaux.ch\/cms\/wp-content\/uploads\/2026\/04\/2026_Marc-Donnet-Monay_Infos-details-212x300.png 212w, https:\/\/www.eventcheseaux.ch\/cms\/wp-content\/uploads\/2026\/04\/2026_Marc-Donnet-Monay_Infos-details-724x1024.png 724w, https:\/\/www.eventcheseaux.ch\/cms\/wp-content\/uploads\/2026\/04\/2026_Marc-Donnet-Monay_Infos-details-768x1086.png 768w, https:\/\/www.eventcheseaux.ch\/cms\/wp-content\/uploads\/2026\/04\/2026_Marc-Donnet-Monay_Infos-details-1086x1536.png 1086w\" sizes=\"auto, (max-width: 1414px) 100vw, 1414px\" \/><\/figure><\/div><\/div>\n\n\n\n<div class=\"wp-block-column is-vertically-aligned-center is-layout-flow wp-block-column-is-layout-flow\" style=\"flex-basis:33.33%\">\n<div class=\"wp-block-buttons is-content-justification-center is-layout-flex wp-container-core-buttons-is-layout-1 wp-block-buttons-is-layout-flex\">\n<div class=\"wp-block-button has-custom-font-size is-style-outline has-large-font-size is-style-outline--1\"><a class=\"wp-block-button__link has-text-color has-link-color wp-element-button\" href=\"https:\/\/monbillet.ch\/events\/event-at-cheseaux-26-marc-donnet-monay-alouette\" style=\"color:#2e31b6\"><strong>Billetterie<\/strong><\/a><\/div>\n<\/div>\n<\/div>\n<\/div>\n<\/div>\n<\/div>\n\n\n\n<hr class=\"wp-block-separator has-alpha-channel-opacity\"\/>\n\n\n\n<div class=\"wp-block-group has-medium-font-size\"><div class=\"wp-block-group__inner-container is-layout-flow wp-block-group-is-layout-flow\">\n<h2 class=\"wp-block-heading has-text-align-center\">Agenda 2026<\/h2>\n\n\n\n<div class=\"wp-block-columns is-layout-flex wp-container-core-columns-is-layout-6 wp-block-columns-is-layout-flex\">\n<div class=\"wp-block-column is-layout-flow wp-block-column-is-layout-flow\" style=\"flex-basis:100%\">\n<figure class=\"wp-block-table is-style-stripes has-medium-font-size\"><table><tbody><tr><td><strong><mark style=\"background-color:rgba(0, 0, 0, 0)\" class=\"has-inline-color has-vivid-red-color\">Annul\u00e9<\/mark><\/strong> <s>2 mai 2026<\/s><\/td><td class=\"has-text-align-left\" data-align=\"left\"><s>Bazar aux jouets <\/s><strong><mark style=\"background-color:rgba(0, 0, 0, 0)\" class=\"has-inline-color has-vivid-red-color\">Annul\u00e9<\/mark><\/strong><\/td><td><s>EMS Le Grand Pr\u00e9<\/s><strong><mark style=\"background-color:rgba(0, 0, 0, 0)\" class=\"has-inline-color has-vivid-red-color\">Annul\u00e9<\/mark><\/strong><\/td><td><s>15h-18h<\/s> <mark style=\"background-color:rgba(0, 0, 0, 0)\" class=\"has-inline-color has-vivid-red-color\"><strong>Annul\u00e9<\/strong><\/mark><\/td><\/tr><tr><td>5 septembre 2026<\/td><td class=\"has-text-align-left\" data-align=\"left\">Festivernand <\/td><td>Centre du Village<\/td><td>12h-minuit <\/td><\/tr><tr><td>28 octobre 2026<\/td><td class=\"has-text-align-left\" data-align=\"left\">F\u00eate de la Courge<\/td><td>Centre du Village<\/td><td>16h-18h<\/td><\/tr><tr><td>13 novembre 2026<br>14 novembre 2026 <\/td><td class=\"has-text-align-left\" data-align=\"left\">Soir\u00e9e Spectacle <br>Marc Donnet-Monay<\/td><td>Maison de commune<\/td><td>20h30<\/td><\/tr><tr><td>12 d\u00e9cembre 2026<\/td><td class=\"has-text-align-left\" data-align=\"left\">F\u00eate de No\u00ebl<\/td><td>Maison de commune<\/td><td>14-18h<\/td><\/tr><tr><td><\/td><td class=\"has-text-align-left\" data-align=\"left\"><\/td><td><\/td><td><br><\/td><\/tr><tr><td><\/td><td class=\"has-text-align-left\" data-align=\"left\"><\/td><td><\/td><td><\/td><\/tr><\/tbody><\/table><\/figure>\n<\/div>\n<\/div>\n<\/div><\/div>\n\n\n\n<div style=\"height:50px\" aria-hidden=\"true\" class=\"wp-block-spacer\"><\/div>\n\n\n\n<div class=\"wp-block-group is-vertical is-content-justification-center is-layout-flex wp-container-core-group-is-layout-4 wp-block-group-is-layout-flex\">\n<h4 class=\"wp-block-heading has-text-align-right\">Archive des manifestations<\/h4>\n\n\n\n<p class=\"has-text-align-right\"><a rel=\"noreferrer noopener\" href=\"http:\/\/www.eventcheseaux.ch\/cms\/index.php\/archives-manifestations\/\" target=\"_blank\">Cliquez ici<\/a><\/p>\n<\/div>\n\n\n\n<hr class=\"wp-block-separator has-alpha-channel-opacity\"\/>\n","protected":false},"excerpt":{"rendered":"<p>Bazar aux jouets Samedi 2 mai 2026 Inscription d\u00e8s le 14 mars 2026 \u00e0 12h00 Soir\u00e9e Spectacle MARC DONNET MONAY, Alouette Vendredi 13 et Samedi 14 novembre 2026 Agenda 2026 Annul\u00e9 2 mai 2026 Bazar aux jouets Annul\u00e9 EMS Le Grand Pr\u00e9Annul\u00e9 15h-18h Annul\u00e9 5 septembre 2026 Festivernand Centre du Village 12h-minuit 28 octobre 2026&hellip;<\/p>\n","protected":false},"author":1,"featured_media":0,"parent":0,"menu_order":0,"comment_status":"closed","ping_status":"closed","template":"","meta":{"footnotes":""},"class_list":["post-79","page","type-page","status-publish","hentry"],"_links":{"self":[{"href":"https:\/\/www.eventcheseaux.ch\/cms\/index.php\/wp-json\/wp\/v2\/pages\/79","targetHints":{"allow":["GET"]}}],"collection":[{"href":"https:\/\/www.eventcheseaux.ch\/cms\/index.php\/wp-json\/wp\/v2\/pages"}],"about":[{"href":"https:\/\/www.eventcheseaux.ch\/cms\/index.php\/wp-json\/wp\/v2\/types\/page"}],"author":[{"embeddable":true,"href":"https:\/\/www.eventcheseaux.ch\/cms\/index.php\/wp-json\/wp\/v2\/users\/1"}],"replies":[{"embeddable":true,"href":"https:\/\/www.eventcheseaux.ch\/cms\/index.php\/wp-json\/wp\/v2\/comments?post=79"}],"version-history":[{"count":281,"href":"https:\/\/www.eventcheseaux.ch\/cms\/index.php\/wp-json\/wp\/v2\/pages\/79\/revisions"}],"predecessor-version":[{"id":934,"href":"https:\/\/www.eventcheseaux.ch\/cms\/index.php\/wp-json\/wp\/v2\/pages\/79\/revisions\/934"}],"wp:attachment":[{"href":"https:\/\/www.eventcheseaux.ch\/cms\/index.php\/wp-json\/wp\/v2\/media?parent=79"}],"curies":[{"name":"wp","href":"https:\/\/api.w.org\/{rel}","templated":true}]}}