{"id":36,"date":"2020-03-28T01:36:39","date_gmt":"2020-03-28T00:36:39","guid":{"rendered":"http:\/\/www.eventcheseaux.ch\/cms\/?page_id=36"},"modified":"2023-11-12T21:37:40","modified_gmt":"2023-11-12T20:37:40","slug":"a-propos","status":"publish","type":"page","link":"https:\/\/www.eventcheseaux.ch\/cms\/index.php\/a-propos\/","title":{"rendered":"Qui sommes-nous ?"},"content":{"rendered":"\n<p>L\u2019association event@cheseaux a pour but l\u2019organisation d\u2019\u00e9v\u00e9nements festifs sur la Commune de Cheseaux-sur-Lausanne. Cela permet \u00e0 ses habitants, ainsi qu\u2019\u00e0 ceux des communes avoisinantes, de pouvoir se retrouver et de nouer des contacts.<\/p>\n\n\n\n<p>Nous sommes une petite \u00e9quipe de Cheseaux motiv\u00e9e \u00e0 faire bouger le village. Mais seules, nous n\u2019y arriverons pas&nbsp;: nous avons besoin de vous en tant que b\u00e9n\u00e9vole. L\u2019organisation et la concr\u00e9tisation de nos \u00e9v\u00e8nements en d\u00e9pendent.<\/p>\n\n\n\n<p>Pr\u00e9sentation du comit\u00e9&nbsp;: membres du comit\u00e9 avec une photo ou un avatar, et leur fonction au sein de l\u2019association:<\/p>\n\n\n\n<ul class=\"wp-block-list\">\n<li>Nathalie Parisi (pr\u00e9sidente)<\/li>\n\n\n\n<li>Fanny Plattner (Communication &amp; secr\u00e9tariat)<\/li>\n\n\n\n<li>Marc Plattner (tr\u00e9sorier)<\/li>\n\n\n\n<li>Nathalie Cloux<\/li>\n\n\n\n<li>Nathalie De La Vega<\/li>\n<\/ul>\n\n\n\n<p><\/p>\n\n\n\n<p><\/p>\n","protected":false},"excerpt":{"rendered":"<p>L\u2019association event@cheseaux a pour but l\u2019organisation d\u2019\u00e9v\u00e9nements festifs sur la Commune de Cheseaux-sur-Lausanne. Cela permet \u00e0 ses habitants, ainsi qu\u2019\u00e0 ceux des communes avoisinantes, de pouvoir se retrouver et de nouer des contacts. Nous sommes une petite \u00e9quipe de Cheseaux motiv\u00e9e \u00e0 faire bouger le village. Mais seules, nous n\u2019y arriverons pas&nbsp;: nous avons besoin&hellip;<\/p>\n","protected":false},"author":1,"featured_media":0,"parent":0,"menu_order":0,"comment_status":"closed","ping_status":"closed","template":"","meta":{"footnotes":""},"class_list":["post-36","page","type-page","status-publish","hentry"],"_links":{"self":[{"href":"https:\/\/www.eventcheseaux.ch\/cms\/index.php\/wp-json\/wp\/v2\/pages\/36","targetHints":{"allow":["GET"]}}],"collection":[{"href":"https:\/\/www.eventcheseaux.ch\/cms\/index.php\/wp-json\/wp\/v2\/pages"}],"about":[{"href":"https:\/\/www.eventcheseaux.ch\/cms\/index.php\/wp-json\/wp\/v2\/types\/page"}],"author":[{"embeddable":true,"href":"https:\/\/www.eventcheseaux.ch\/cms\/index.php\/wp-json\/wp\/v2\/users\/1"}],"replies":[{"embeddable":true,"href":"https:\/\/www.eventcheseaux.ch\/cms\/index.php\/wp-json\/wp\/v2\/comments?post=36"}],"version-history":[{"count":7,"href":"https:\/\/www.eventcheseaux.ch\/cms\/index.php\/wp-json\/wp\/v2\/pages\/36\/revisions"}],"predecessor-version":[{"id":605,"href":"https:\/\/www.eventcheseaux.ch\/cms\/index.php\/wp-json\/wp\/v2\/pages\/36\/revisions\/605"}],"wp:attachment":[{"href":"https:\/\/www.eventcheseaux.ch\/cms\/index.php\/wp-json\/wp\/v2\/media?parent=36"}],"curies":[{"name":"wp","href":"https:\/\/api.w.org\/{rel}","templated":true}]}}